{"id":84,"date":"2019-01-30T21:49:00","date_gmt":"2019-01-30T21:49:00","guid":{"rendered":"http:\/\/wp2019.waldorfkindergarten-kleinmachnow.de\/?page_id=84"},"modified":"2023-06-05T08:59:44","modified_gmt":"2023-06-05T08:59:44","slug":"standorte","status":"publish","type":"page","link":"https:\/\/waldorfkindergarten-kleinmachnow.de\/?page_id=84","title":{"rendered":"Kleinmachnow"},"content":{"rendered":"\n<figure class=\"wp-block-image alignfull\"><img loading=\"lazy\" decoding=\"async\" width=\"1024\" height=\"307\" src=\"http:\/\/wp2019.waldorfkindergarten-kleinmachnow.de\/wp-content\/uploads\/2019\/01\/h16_vi5a4573_1-u19104-fr-1024x307.jpg\" alt=\"\" class=\"wp-image-101\" srcset=\"https:\/\/waldorfkindergarten-kleinmachnow.de\/wp-content\/uploads\/2019\/01\/h16_vi5a4573_1-u19104-fr-1024x307.jpg 1024w, https:\/\/waldorfkindergarten-kleinmachnow.de\/wp-content\/uploads\/2019\/01\/h16_vi5a4573_1-u19104-fr-300x90.jpg 300w, https:\/\/waldorfkindergarten-kleinmachnow.de\/wp-content\/uploads\/2019\/01\/h16_vi5a4573_1-u19104-fr-768x230.jpg 768w, https:\/\/waldorfkindergarten-kleinmachnow.de\/wp-content\/uploads\/2019\/01\/h16_vi5a4573_1-u19104-fr-1200x360.jpg 1200w, https:\/\/waldorfkindergarten-kleinmachnow.de\/wp-content\/uploads\/2019\/01\/h16_vi5a4573_1-u19104-fr-600x180.jpg 600w, https:\/\/waldorfkindergarten-kleinmachnow.de\/wp-content\/uploads\/2019\/01\/h16_vi5a4573_1-u19104-fr.jpg 1440w\" sizes=\"auto, (max-width: 1024px) 100vw, 1024px\" \/><\/figure>\n\n\n\n<h2 class=\"wp-block-heading\">Kleinmachnow<\/h2>\n\n\n\n<p>Am Hochwald, in sehr sch\u00f6ner Lage, oberhalb der Freien Waldorfschule Kleinmachnow, zwischen Obstwiese und Waldrand gelegen, befindet sich der Waldorfkindergarten Kleinmachnow.<\/p>\n\n\n\n<p>Hier werden bis zu 100 Kinder in insgesamt f\u00fcnf Gruppen im Alter von 2 Jahren bis zum Schuleintritt betreut. Es gibt eine Kleinkindgruppe (1,5 \u2013 3 Jahre), eine Familiengruppe (2 Jahre bis Schuleintritt) und drei Elementargruppen (3 Jahre bis Schuleintritt).<\/p>\n\n\n\n<p>Die Gemeinde Kleinmachnow geh\u00f6rt zum Landkreis Potsdam-Mittelmark (Land Brandenburg) und grenzt im Norden an den Berliner Bezirk Steglitz-Zehlendorf, im S\u00fcden an die Gemeinden Stahnsdorf und die Stadt Teltow.<\/p>\n\n\n\n<p>Der Wald steht vor unserer T\u00fcr, wir \u00f6ffnen sie gerne und so oft wie m\u00f6glich.<\/p>\n\n\n\n<p>Bei der Gestaltung unseres Gartens haben wir uns vom Wald inspirieren lassen. Wurzeln, Baumst\u00e4mme, Str\u00e4ucher und ein \u201eBaumhaus\u201c laden die Kinder ein, sich im freien Spiel mannigfaltig zu erproben. Nat\u00fcrlich darf auch der Sand in Brandenburg nicht fehlen und so bieten die gro\u00dfen Sandfl\u00e4chen gen\u00fcgend M\u00f6glichkeiten f\u00fcr allerlei Spielideen \u2013 Im Sommer ist die Matschanlage ein beliebtes Spiel- u. Tummelfeld.<\/p>\n\n\n\n<p>Unser sch\u00f6n gestaltetes, erst 2012 neu errichtetes Geb\u00e4ude mit seiner begr\u00fcnten Dachfl\u00e4che, der dezenten Holzfassade und den gro\u00dfen, zum Garten hin ge\u00f6ffneten Fensterfronten, schmiegt sich in die Umgebung ein und erm\u00f6glicht es uns im Einklang mit der Natur unsere Tage zu gestalten.<\/p>\n\n\n\n<p>Ein gro\u00dfer Mehrzweckraum steht allen Gruppen zur Verf\u00fcgung und wird zum Beispiel f\u00fcr unsere Feste, Gesamtelternabende und \u00e4hnliche Aktivit\u00e4ten benutzt. Der gesamte Kindergarten ist ebenerdig und barrierefrei angelegt.<\/p>\n\n\n\n<p>Neben den bisher beschriebenen Standortvorz\u00fcgen stellt auch die unmittelbare Nachbarschaft zur Freien Waldorfschule einen gro\u00dfen Vorteil dar.<\/p>\n\n\n\n<p>Viele Kinder wechseln nach dem Kindergarten in die Waldorfschule \u2013 das erm\u00f6glicht einen sanften \u00dcbergang und erleichtert dar\u00fcber hinaus den Eltern die allt\u00e4glichen Abl\u00e4ufe, wenn sie sowohl Schul- als auch Kindergartenkinder quasi am selben Standort betreuen lassen k\u00f6nnen.<\/p>\n\n\n\n<p>Wenn Sie Ihr Kind bei uns anmelden m\u00f6chten, wenden Sie sich bitte an unsere Verwaltung bzw. kommen Sie zu unseren Besuchsterminen, die wir unter der Rubrik Aktuelles \u2013 Besuchsstunde f\u00fcr interessierte Eltern \u2013 aufgelistet haben.<\/p>\n","protected":false},"excerpt":{"rendered":"<p>Kleinmachnow Am Hochwald, in sehr sch\u00f6ner Lage, oberhalb der Freien Waldorfschule Kleinmachnow, zwischen Obstwiese und Waldrand gelegen, befindet sich der Waldorfkindergarten Kleinmachnow. Hier werden bis zu 100 Kinder in insgesamt f\u00fcnf Gruppen im Alter von 2 Jahren bis zum Schuleintritt betreut. Es gibt eine Kleinkindgruppe (1,5 \u2013 3 Jahre), eine Familiengruppe (2 Jahre bis Schuleintritt) [&hellip;]<\/p>\n","protected":false},"author":1,"featured_media":0,"parent":0,"menu_order":0,"comment_status":"closed","ping_status":"closed","template":"","meta":{"footnotes":""},"class_list":["post-84","page","type-page","status-publish","hentry","missing-thumbnail"],"_links":{"self":[{"href":"https:\/\/waldorfkindergarten-kleinmachnow.de\/index.php?rest_route=\/wp\/v2\/pages\/84","targetHints":{"allow":["GET"]}}],"collection":[{"href":"https:\/\/waldorfkindergarten-kleinmachnow.de\/index.php?rest_route=\/wp\/v2\/pages"}],"about":[{"href":"https:\/\/waldorfkindergarten-kleinmachnow.de\/index.php?rest_route=\/wp\/v2\/types\/page"}],"author":[{"embeddable":true,"href":"https:\/\/waldorfkindergarten-kleinmachnow.de\/index.php?rest_route=\/wp\/v2\/users\/1"}],"replies":[{"embeddable":true,"href":"https:\/\/waldorfkindergarten-kleinmachnow.de\/index.php?rest_route=%2Fwp%2Fv2%2Fcomments&post=84"}],"version-history":[{"count":8,"href":"https:\/\/waldorfkindergarten-kleinmachnow.de\/index.php?rest_route=\/wp\/v2\/pages\/84\/revisions"}],"predecessor-version":[{"id":447,"href":"https:\/\/waldorfkindergarten-kleinmachnow.de\/index.php?rest_route=\/wp\/v2\/pages\/84\/revisions\/447"}],"wp:attachment":[{"href":"https:\/\/waldorfkindergarten-kleinmachnow.de\/index.php?rest_route=%2Fwp%2Fv2%2Fmedia&parent=84"}],"curies":[{"name":"wp","href":"https:\/\/api.w.org\/{rel}","templated":true}]}}