{"id":7,"date":"2019-01-29T20:07:24","date_gmt":"2019-01-29T20:07:24","guid":{"rendered":"http:\/\/wp2019.waldorfkindergarten-kleinmachnow.de\/?page_id=7"},"modified":"2026-01-14T09:35:49","modified_gmt":"2026-01-14T09:35:49","slug":"test","status":"publish","type":"page","link":"https:\/\/waldorfkindergarten-kleinmachnow.de\/?page_id=7","title":{"rendered":"Aktuelles"},"content":{"rendered":"\n<figure class=\"wp-block-image alignfull\"><img loading=\"lazy\" decoding=\"async\" width=\"1024\" height=\"307\" src=\"http:\/\/waldorfkindergarten-kleinmachnow.de\/wp-content\/uploads\/2019\/03\/h27_jox0240-1024x307.jpg\" alt=\"\" class=\"wp-image-177\" srcset=\"https:\/\/waldorfkindergarten-kleinmachnow.de\/wp-content\/uploads\/2019\/03\/h27_jox0240-1024x307.jpg 1024w, https:\/\/waldorfkindergarten-kleinmachnow.de\/wp-content\/uploads\/2019\/03\/h27_jox0240-300x90.jpg 300w, https:\/\/waldorfkindergarten-kleinmachnow.de\/wp-content\/uploads\/2019\/03\/h27_jox0240-768x230.jpg 768w, https:\/\/waldorfkindergarten-kleinmachnow.de\/wp-content\/uploads\/2019\/03\/h27_jox0240-1200x360.jpg 1200w, https:\/\/waldorfkindergarten-kleinmachnow.de\/wp-content\/uploads\/2019\/03\/h27_jox0240-600x180.jpg 600w, https:\/\/waldorfkindergarten-kleinmachnow.de\/wp-content\/uploads\/2019\/03\/h27_jox0240.jpg 1440w\" sizes=\"auto, (max-width: 1024px) 100vw, 1024px\" \/><\/figure>\n\n\n\n<h2 class=\"wp-block-heading\">Aktuelle Termine<\/h2>\n\n\n\n<h3 class=\"wp-block-heading\">Besuchsstunde f\u00fcr interessierte Eltern<\/h3>\n\n\n\n<p>&#8222;Wir bieten an unserem Standort Kleinmachnow jeden ersten Donnerstag im Monat folgende Informationsm\u00f6glichkeiten an:<\/p>\n\n\n\n<ul class=\"wp-block-list\">\n<li>von 15.00 bis 16.00 Uhr eine Informationsstunde f\u00fcr den Kleinkindbereich (Kinder unter 3 Jahren)<\/li>\n\n\n\n<li>von 16.00 bis 17.00 Uhr eine Informationsstunde f\u00fcr den Elementarbereich (Kinder ab 3 Jahren)<\/li>\n<\/ul>\n\n\n\n<p><strong>Die Termine f\u00fcr die Besuchsnachmittage in Kleinmachnow sind:<br><\/strong>05. Februar<br>05. M\u00e4rz<br>07. Mai<br>04. Juni<br>02. Juli<br>03. September<br>01. Oktober<br>05. November<br>03. Dezember<br>\u2026 jeweils um <strong>15.00<\/strong> bzw. <strong>16.00 Uhr<\/strong> <br><br><strong>Termine am Standort Stahnsdorf nach Absprache!<\/strong><\/p>\n\n\n\n<p>Bitte melden Sie sich bis sp\u00e4testens 2 Tage vor dem jeweiligen Besuchsnachmittag verbindlich an und finden Sie sich p\u00fcnktlich zu den jeweiligen Terminen an der Eingangst\u00fcr ein. Vielen Dank.<\/p>\n\n\n\n<p><br><\/p>\n\n\n\n<figure class=\"wp-block-image alignwide size-large\"><img loading=\"lazy\" decoding=\"async\" width=\"1024\" height=\"368\" src=\"https:\/\/waldorfkindergarten-kleinmachnow.de\/wp-content\/uploads\/2024\/04\/Ferientermine_edit-1-1024x368.jpg\" alt=\"\" class=\"wp-image-500\" srcset=\"https:\/\/waldorfkindergarten-kleinmachnow.de\/wp-content\/uploads\/2024\/04\/Ferientermine_edit-1-1024x368.jpg 1024w, https:\/\/waldorfkindergarten-kleinmachnow.de\/wp-content\/uploads\/2024\/04\/Ferientermine_edit-1-300x108.jpg 300w, https:\/\/waldorfkindergarten-kleinmachnow.de\/wp-content\/uploads\/2024\/04\/Ferientermine_edit-1-768x276.jpg 768w, https:\/\/waldorfkindergarten-kleinmachnow.de\/wp-content\/uploads\/2024\/04\/Ferientermine_edit-1-1536x553.jpg 1536w, https:\/\/waldorfkindergarten-kleinmachnow.de\/wp-content\/uploads\/2024\/04\/Ferientermine_edit-1-1200x432.jpg 1200w, https:\/\/waldorfkindergarten-kleinmachnow.de\/wp-content\/uploads\/2024\/04\/Ferientermine_edit-1-600x216.jpg 600w, https:\/\/waldorfkindergarten-kleinmachnow.de\/wp-content\/uploads\/2024\/04\/Ferientermine_edit-1.jpg 1923w\" sizes=\"auto, (max-width: 1024px) 100vw, 1024px\" \/><\/figure>\n\n\n\n<h2 class=\"wp-block-heading\">Ferientermine<\/h2>\n\n\n\n<p><\/p>\n\n\n\n<h3 class=\"wp-block-heading\"><strong>Winterferien 2026<\/strong><\/h3>\n\n\n\n<p>02.02.26 bis 06.02.26 (Ferienwoche) <\/p>\n\n\n\n<h3 class=\"wp-block-heading\"><strong>Osterferien 2026<\/strong><\/h3>\n\n\n\n<p>30.03.26 bis 02.04.26 (Ferienwoche)<br>Schlie\u00dfzeit 07.04.26 bis 10.04.25<\/p>\n\n\n\n<p>15.05.26 <strong>Christi Himmelfahrt<\/strong>, Br\u00fcckentag geschlossen <\/p>\n\n\n\n<h3 class=\"wp-block-heading\"><strong>Sommerferien 2026<\/strong><\/h3>\n\n\n\n<p>13.07.26 bis 17.07.26 (Ferienwoche 1) <br>20.07.26 bis 24.07.26 (Ferienwoche 2)<br>27.07.26 bis 14.08.26 (Schlie\u00dfzeit)<br>17.08.26 bis 21.08.26 (Ferienwoche 3)<\/p>\n\n\n\n<h2 class=\"wp-block-heading\"><br>Vorstandssitzungen\/<br>Mitgliederversammlungen<\/h2>\n\n\n\n<p><\/p>\n\n\n\n<p>Ort und Zeit bitte in der Verwaltung erfragen!<\/p>\n\n\n\n<p>Bei Interesse zur Teilnahme melden Sie sich bitte bei der Verwaltung an unter:<br><a href=\"mailto:info@waldorfkindergarten-kleinmachnow.de\">info@waldorfkindergarten-kleinmachnow.de<\/a><\/p>\n\n\n\n<h2 class=\"wp-block-heading\">Freie Stellen<\/h2>\n\n\n\n<h3 class=\"wp-block-heading\"><\/h3>\n\n\n\n<p>Zur Zeit haben wir keinen p\u00e4dagogischen Stellen zu besetzen, schicken Sie uns aber gerne ihre Initiativbewerbung an:<br><a href=\"mailto:info@waldorfkindergarten-kleinmachnow.de\">info@waldorfkindergarten-kleinmachnow.de<\/a><br>Personalkreis<br>Wir freuen uns auf Sie!<\/p>\n\n\n\n<h3 class=\"wp-block-heading\"><strong>FSJ Stellen Kindergartenjahr 2025\/2<\/strong>6<\/h3>\n\n\n\n<p>Wir freuen uns \u00fcber junge Menschen, die Lust haben im Betreuungsbereich Kindergarten Erfahrungen zu sammeln, unsere ErzieherInnen zu unterst\u00fctzen und unsere Kinder mit zu betreuen. Es erwartet Sie eine spannende Aufgabe in einer lebendigen Kindergartengemeinschaft. Bewerben k\u00f6nnen Sie sich direkt bei uns&nbsp;<\/p>\n\n\n\n<p><a href=\"mailto:info@waldorfkindergarten-kleinmachnow.de\">info@waldorfkindergarten-kleinmachnow.de<\/a><\/p>\n\n\n\n<p>oder \u00fcber den Tr\u00e4ger des FSJ, IJGD \u2013&nbsp;<br>Landesverein Brandenburg e.V.<br>Schulstra\u00dfe 9<br>14482 Potsdam<\/p>\n\n\n\n<p><a href=\"mailto:fsj.brandenburg@ijgd.de\">fsj.brandenburg@ijgd.de<\/a><\/p>\n\n\n\n<p><\/p>\n\n\n\n<h3 class=\"wp-block-heading\">Freie Praktikumspl\u00e4tze<\/h3>\n\n\n\n<p>Wir bieten f\u00fcr Erzieher\/Innen und Sozialassistent\/Innen in Ausbildung sowie Studierende im Sozialwesen freie Praktikumspl\u00e4tze an.<\/p>\n\n\n\n<p>Eine kurze Bewerbung bitte an:&nbsp;<a href=\"mailto:info@waldorfkindergarten-kleinmachnow.de\">info@waldorfkindergarten-kleinmachnow.de.<\/a><\/p>\n\n\n\n<hr class=\"wp-block-separator has-text-color has-alpha-channel-opacity has-background is-style-wide\" style=\"background-color:#ff9900;color:#ff9900\"\/>\n\n\n\n<p>N\u00e4here Informationen erhalten Sie unter<br>www.waldorfkindergarten-kleinmachnow.de oder unter 033203-885418<br>Ihre Bewerbung senden Sie bitte an<\/p>\n\n\n\n<p><a href=\"mailto:info@waldorfkindergarten-kleinmachnow.de\">info@waldorfkindergarten-kleinmachnow.de<\/a><\/p>\n\n\n\n<p>Personalkreis<\/p>\n\n\n\n<p>Wir freuen uns auf Sie!<\/p>\n\n\n\n<p><\/p>\n","protected":false},"excerpt":{"rendered":"<p>Aktuelle Termine Besuchsstunde f\u00fcr interessierte Eltern &#8222;Wir bieten an unserem Standort Kleinmachnow jeden ersten Donnerstag im Monat folgende Informationsm\u00f6glichkeiten an: Die Termine f\u00fcr die Besuchsnachmittage in Kleinmachnow sind:05. Februar05. M\u00e4rz07. Mai04. Juni02. Juli03. September01. Oktober05. November03. Dezember\u2026 jeweils um 15.00 bzw. 16.00 Uhr Termine am Standort Stahnsdorf nach Absprache! Bitte melden Sie sich bis sp\u00e4testens [&hellip;]<\/p>\n","protected":false},"author":1,"featured_media":0,"parent":0,"menu_order":0,"comment_status":"closed","ping_status":"closed","template":"","meta":{"footnotes":""},"class_list":["post-7","page","type-page","status-publish","hentry","missing-thumbnail"],"_links":{"self":[{"href":"https:\/\/waldorfkindergarten-kleinmachnow.de\/index.php?rest_route=\/wp\/v2\/pages\/7","targetHints":{"allow":["GET"]}}],"collection":[{"href":"https:\/\/waldorfkindergarten-kleinmachnow.de\/index.php?rest_route=\/wp\/v2\/pages"}],"about":[{"href":"https:\/\/waldorfkindergarten-kleinmachnow.de\/index.php?rest_route=\/wp\/v2\/types\/page"}],"author":[{"embeddable":true,"href":"https:\/\/waldorfkindergarten-kleinmachnow.de\/index.php?rest_route=\/wp\/v2\/users\/1"}],"replies":[{"embeddable":true,"href":"https:\/\/waldorfkindergarten-kleinmachnow.de\/index.php?rest_route=%2Fwp%2Fv2%2Fcomments&post=7"}],"version-history":[{"count":85,"href":"https:\/\/waldorfkindergarten-kleinmachnow.de\/index.php?rest_route=\/wp\/v2\/pages\/7\/revisions"}],"predecessor-version":[{"id":563,"href":"https:\/\/waldorfkindergarten-kleinmachnow.de\/index.php?rest_route=\/wp\/v2\/pages\/7\/revisions\/563"}],"wp:attachment":[{"href":"https:\/\/waldorfkindergarten-kleinmachnow.de\/index.php?rest_route=%2Fwp%2Fv2%2Fmedia&parent=7"}],"curies":[{"name":"wp","href":"https:\/\/api.w.org\/{rel}","templated":true}]}}