{"id":303,"date":"2019-08-23T07:20:55","date_gmt":"2019-08-23T07:20:55","guid":{"rendered":"http:\/\/waldorfkindergarten-kleinmachnow.de\/?page_id=303"},"modified":"2019-08-23T09:47:05","modified_gmt":"2019-08-23T09:47:05","slug":"waldorf-100","status":"publish","type":"page","link":"https:\/\/waldorfkindergarten-kleinmachnow.de\/?page_id=303","title":{"rendered":"Waldorf 100"},"content":{"rendered":"\n<figure class=\"wp-block-image\"><img loading=\"lazy\" decoding=\"async\" width=\"1024\" height=\"202\" src=\"http:\/\/waldorfkindergarten-kleinmachnow.de\/wp-content\/uploads\/2019\/08\/W100_Logo_W-1024x202.png\" alt=\"\" class=\"wp-image-329\" srcset=\"https:\/\/waldorfkindergarten-kleinmachnow.de\/wp-content\/uploads\/2019\/08\/W100_Logo_W-1024x202.png 1024w, https:\/\/waldorfkindergarten-kleinmachnow.de\/wp-content\/uploads\/2019\/08\/W100_Logo_W-300x59.png 300w, https:\/\/waldorfkindergarten-kleinmachnow.de\/wp-content\/uploads\/2019\/08\/W100_Logo_W-768x152.png 768w, https:\/\/waldorfkindergarten-kleinmachnow.de\/wp-content\/uploads\/2019\/08\/W100_Logo_W-1200x237.png 1200w, https:\/\/waldorfkindergarten-kleinmachnow.de\/wp-content\/uploads\/2019\/08\/W100_Logo_W-600x119.png 600w, https:\/\/waldorfkindergarten-kleinmachnow.de\/wp-content\/uploads\/2019\/08\/W100_Logo_W.png 1280w\" sizes=\"auto, (max-width: 1024px) 100vw, 1024px\" \/><\/figure>\n\n\n\n<h2 class=\"W100-text wp-block-heading\"><strong>Vom Brachland zum Kinder- Wildbienen- und Zeidlergarten<\/strong><\/h2>\n\n\n\n<p class=\"W100-text\"><strong>Das Waldorf 100 Projekt \u201eBees &amp; Trees\u201c im Waldorfkindergarten am Hochwald&nbsp;<\/strong><\/p>\n\n\n\n<p class=\"W100-text\">Der Waldorfkindergarten am Hochwald hat seit zehn Jahren Bienen und arbeitet an ihnen gemeinsam mit den Kindern \u00fcbers ganze Jahr. Und wie der eine oder andere vielleicht auch wei\u00df, gab es am Standort in Stahnsdorf neben dem bereits genutzten Grundst\u00fcck ein bislang v\u00f6llig unbewirtschaftetes Waldst\u00fcck. Jetzt hat sich das Brachland stark verwandelt und ist als Kinder- Wildbienen- und Zeidlergarten unseres Waldorfkindergartens belebt. Das Waldorf 100 Projekt Bees &amp; Trees ist auf unserem \u201ewilden\u201c Grundst\u00fcck sichtbar und erlebbar. Zwischen hohen Kiefern, Robinien und Linden summen zwei Honigbienenv\u00f6lker in einer Klotzbeute und in einem Weissenseifener H\u00e4ngekorb. 47 Baumscheiben als Insektenhotels warten auf den Einzug der Wildbienen, denn der Tisch ist bereitet, die Bienenweide bl\u00fcht.<\/p>\n\n\n\n<ul class=\"wp-block-gallery columns-3 is-cropped wp-block-gallery-1 is-layout-flex wp-block-gallery-is-layout-flex\"><li class=\"blocks-gallery-item\"><figure><img loading=\"lazy\" decoding=\"async\" width=\"178\" height=\"178\" src=\"http:\/\/waldorfkindergarten-kleinmachnow.de\/wp-content\/uploads\/2019\/08\/alvaleoklotzbeute.jpeg\" alt=\"\" data-id=\"304\" data-link=\"http:\/\/waldorfkindergarten-kleinmachnow.de\/?attachment_id=304\" class=\"wp-image-304\" srcset=\"https:\/\/waldorfkindergarten-kleinmachnow.de\/wp-content\/uploads\/2019\/08\/alvaleoklotzbeute.jpeg 178w, https:\/\/waldorfkindergarten-kleinmachnow.de\/wp-content\/uploads\/2019\/08\/alvaleoklotzbeute-150x150.jpeg 150w\" sizes=\"auto, (max-width: 178px) 100vw, 178px\" \/><\/figure><\/li><li class=\"blocks-gallery-item\"><figure><img loading=\"lazy\" decoding=\"async\" width=\"178\" height=\"178\" src=\"http:\/\/waldorfkindergarten-kleinmachnow.de\/wp-content\/uploads\/2019\/08\/baumklettern.jpeg\" alt=\"\" data-id=\"305\" data-link=\"http:\/\/waldorfkindergarten-kleinmachnow.de\/?attachment_id=305\" class=\"wp-image-305\" srcset=\"https:\/\/waldorfkindergarten-kleinmachnow.de\/wp-content\/uploads\/2019\/08\/baumklettern.jpeg 178w, https:\/\/waldorfkindergarten-kleinmachnow.de\/wp-content\/uploads\/2019\/08\/baumklettern-150x150.jpeg 150w\" sizes=\"auto, (max-width: 178px) 100vw, 178px\" \/><\/figure><\/li><li class=\"blocks-gallery-item\"><figure><img loading=\"lazy\" decoding=\"async\" width=\"178\" height=\"178\" src=\"http:\/\/waldorfkindergarten-kleinmachnow.de\/wp-content\/uploads\/2019\/08\/bienengruppe.jpeg\" alt=\"\" data-id=\"306\" data-link=\"http:\/\/waldorfkindergarten-kleinmachnow.de\/?attachment_id=306\" class=\"wp-image-306\" srcset=\"https:\/\/waldorfkindergarten-kleinmachnow.de\/wp-content\/uploads\/2019\/08\/bienengruppe.jpeg 178w, https:\/\/waldorfkindergarten-kleinmachnow.de\/wp-content\/uploads\/2019\/08\/bienengruppe-150x150.jpeg 150w\" sizes=\"auto, (max-width: 178px) 100vw, 178px\" \/><\/figure><\/li><li class=\"blocks-gallery-item\"><figure><img loading=\"lazy\" decoding=\"async\" width=\"178\" height=\"178\" src=\"http:\/\/waldorfkindergarten-kleinmachnow.de\/wp-content\/uploads\/2019\/08\/bienenkinder.jpeg\" alt=\"\" data-id=\"307\" data-link=\"http:\/\/waldorfkindergarten-kleinmachnow.de\/?attachment_id=307\" class=\"wp-image-307\" srcset=\"https:\/\/waldorfkindergarten-kleinmachnow.de\/wp-content\/uploads\/2019\/08\/bienenkinder.jpeg 178w, https:\/\/waldorfkindergarten-kleinmachnow.de\/wp-content\/uploads\/2019\/08\/bienenkinder-150x150.jpeg 150w\" sizes=\"auto, (max-width: 178px) 100vw, 178px\" \/><\/figure><\/li><li class=\"blocks-gallery-item\"><figure><img loading=\"lazy\" decoding=\"async\" width=\"178\" height=\"178\" src=\"http:\/\/waldorfkindergarten-kleinmachnow.de\/wp-content\/uploads\/2019\/08\/blumensaatkugel.jpeg\" alt=\"\" data-id=\"308\" data-link=\"http:\/\/waldorfkindergarten-kleinmachnow.de\/?attachment_id=308\" class=\"wp-image-308\" srcset=\"https:\/\/waldorfkindergarten-kleinmachnow.de\/wp-content\/uploads\/2019\/08\/blumensaatkugel.jpeg 178w, https:\/\/waldorfkindergarten-kleinmachnow.de\/wp-content\/uploads\/2019\/08\/blumensaatkugel-150x150.jpeg 150w\" sizes=\"auto, (max-width: 178px) 100vw, 178px\" \/><\/figure><\/li><li class=\"blocks-gallery-item\"><figure><img loading=\"lazy\" decoding=\"async\" width=\"178\" height=\"178\" src=\"http:\/\/waldorfkindergarten-kleinmachnow.de\/wp-content\/uploads\/2019\/08\/brennpeter.jpeg\" alt=\"\" data-id=\"309\" data-link=\"http:\/\/waldorfkindergarten-kleinmachnow.de\/?attachment_id=309\" class=\"wp-image-309\" srcset=\"https:\/\/waldorfkindergarten-kleinmachnow.de\/wp-content\/uploads\/2019\/08\/brennpeter.jpeg 178w, https:\/\/waldorfkindergarten-kleinmachnow.de\/wp-content\/uploads\/2019\/08\/brennpeter-150x150.jpeg 150w\" sizes=\"auto, (max-width: 178px) 100vw, 178px\" \/><\/figure><\/li><li class=\"blocks-gallery-item\"><figure><img loading=\"lazy\" decoding=\"async\" width=\"178\" height=\"178\" src=\"http:\/\/waldorfkindergarten-kleinmachnow.de\/wp-content\/uploads\/2019\/08\/honigfluss2.jpeg\" alt=\"\" data-id=\"310\" data-link=\"http:\/\/waldorfkindergarten-kleinmachnow.de\/?attachment_id=310\" class=\"wp-image-310\" srcset=\"https:\/\/waldorfkindergarten-kleinmachnow.de\/wp-content\/uploads\/2019\/08\/honigfluss2.jpeg 178w, https:\/\/waldorfkindergarten-kleinmachnow.de\/wp-content\/uploads\/2019\/08\/honigfluss2-150x150.jpeg 150w\" sizes=\"auto, (max-width: 178px) 100vw, 178px\" \/><\/figure><\/li><li class=\"blocks-gallery-item\"><figure><img loading=\"lazy\" decoding=\"async\" width=\"178\" height=\"178\" src=\"http:\/\/waldorfkindergarten-kleinmachnow.de\/wp-content\/uploads\/2019\/08\/insektenhotel.jpeg\" alt=\"\" data-id=\"311\" data-link=\"http:\/\/waldorfkindergarten-kleinmachnow.de\/?attachment_id=311\" class=\"wp-image-311\" srcset=\"https:\/\/waldorfkindergarten-kleinmachnow.de\/wp-content\/uploads\/2019\/08\/insektenhotel.jpeg 178w, https:\/\/waldorfkindergarten-kleinmachnow.de\/wp-content\/uploads\/2019\/08\/insektenhotel-150x150.jpeg 150w\" sizes=\"auto, (max-width: 178px) 100vw, 178px\" \/><\/figure><\/li><li class=\"blocks-gallery-item\"><figure><img loading=\"lazy\" decoding=\"async\" width=\"178\" height=\"178\" src=\"http:\/\/waldorfkindergarten-kleinmachnow.de\/wp-content\/uploads\/2019\/08\/klotzbeute.jpeg\" alt=\"\" data-id=\"312\" data-link=\"http:\/\/waldorfkindergarten-kleinmachnow.de\/?attachment_id=312\" class=\"wp-image-312\" srcset=\"https:\/\/waldorfkindergarten-kleinmachnow.de\/wp-content\/uploads\/2019\/08\/klotzbeute.jpeg 178w, https:\/\/waldorfkindergarten-kleinmachnow.de\/wp-content\/uploads\/2019\/08\/klotzbeute-150x150.jpeg 150w\" sizes=\"auto, (max-width: 178px) 100vw, 178px\" \/><\/figure><\/li><li class=\"blocks-gallery-item\"><figure><img loading=\"lazy\" decoding=\"async\" width=\"178\" height=\"178\" src=\"http:\/\/waldorfkindergarten-kleinmachnow.de\/wp-content\/uploads\/2019\/08\/windlichter.jpeg\" alt=\"\" data-id=\"313\" data-link=\"http:\/\/waldorfkindergarten-kleinmachnow.de\/?attachment_id=313\" class=\"wp-image-313\" srcset=\"https:\/\/waldorfkindergarten-kleinmachnow.de\/wp-content\/uploads\/2019\/08\/windlichter.jpeg 178w, https:\/\/waldorfkindergarten-kleinmachnow.de\/wp-content\/uploads\/2019\/08\/windlichter-150x150.jpeg 150w\" sizes=\"auto, (max-width: 178px) 100vw, 178px\" \/><\/figure><\/li><li class=\"blocks-gallery-item\"><figure><img loading=\"lazy\" decoding=\"async\" width=\"178\" height=\"178\" src=\"http:\/\/waldorfkindergarten-kleinmachnow.de\/wp-content\/uploads\/2019\/08\/zeltanke.jpeg\" alt=\"\" data-id=\"314\" data-link=\"http:\/\/waldorfkindergarten-kleinmachnow.de\/?attachment_id=314\" class=\"wp-image-314\" srcset=\"https:\/\/waldorfkindergarten-kleinmachnow.de\/wp-content\/uploads\/2019\/08\/zeltanke.jpeg 178w, https:\/\/waldorfkindergarten-kleinmachnow.de\/wp-content\/uploads\/2019\/08\/zeltanke-150x150.jpeg 150w\" sizes=\"auto, (max-width: 178px) 100vw, 178px\" \/><\/figure><\/li><\/ul>\n\n\n\n<blockquote class=\"wp-block-quote W100-text is-layout-flow wp-block-quote-is-layout-flow\"><p><a href=\"https:\/\/www.waldorf-100.org\/weltkarte\">Waldorf 100-Projekte weltweit<\/a><\/p><\/blockquote>\n","protected":false},"excerpt":{"rendered":"<p>Vom Brachland zum Kinder- Wildbienen- und Zeidlergarten Das Waldorf 100 Projekt \u201eBees &amp; Trees\u201c im Waldorfkindergarten am Hochwald&nbsp; Der Waldorfkindergarten am Hochwald hat seit zehn Jahren Bienen und arbeitet an ihnen gemeinsam mit den Kindern \u00fcbers ganze Jahr. Und wie der eine oder andere vielleicht auch wei\u00df, gab es am Standort in Stahnsdorf neben dem [&hellip;]<\/p>\n","protected":false},"author":1,"featured_media":0,"parent":0,"menu_order":0,"comment_status":"closed","ping_status":"closed","template":"","meta":{"footnotes":""},"class_list":["post-303","page","type-page","status-publish","hentry","missing-thumbnail"],"_links":{"self":[{"href":"https:\/\/waldorfkindergarten-kleinmachnow.de\/index.php?rest_route=\/wp\/v2\/pages\/303","targetHints":{"allow":["GET"]}}],"collection":[{"href":"https:\/\/waldorfkindergarten-kleinmachnow.de\/index.php?rest_route=\/wp\/v2\/pages"}],"about":[{"href":"https:\/\/waldorfkindergarten-kleinmachnow.de\/index.php?rest_route=\/wp\/v2\/types\/page"}],"author":[{"embeddable":true,"href":"https:\/\/waldorfkindergarten-kleinmachnow.de\/index.php?rest_route=\/wp\/v2\/users\/1"}],"replies":[{"embeddable":true,"href":"https:\/\/waldorfkindergarten-kleinmachnow.de\/index.php?rest_route=%2Fwp%2Fv2%2Fcomments&post=303"}],"version-history":[{"count":5,"href":"https:\/\/waldorfkindergarten-kleinmachnow.de\/index.php?rest_route=\/wp\/v2\/pages\/303\/revisions"}],"predecessor-version":[{"id":331,"href":"https:\/\/waldorfkindergarten-kleinmachnow.de\/index.php?rest_route=\/wp\/v2\/pages\/303\/revisions\/331"}],"wp:attachment":[{"href":"https:\/\/waldorfkindergarten-kleinmachnow.de\/index.php?rest_route=%2Fwp%2Fv2%2Fmedia&parent=303"}],"curies":[{"name":"wp","href":"https:\/\/api.w.org\/{rel}","templated":true}]}}