{"id":244,"date":"2019-03-29T08:02:10","date_gmt":"2019-03-29T08:02:10","guid":{"rendered":"http:\/\/wp2019.waldorfkindergarten-kleinmachnow.de\/?page_id=244"},"modified":"2019-03-29T08:07:16","modified_gmt":"2019-03-29T08:07:16","slug":"kleinkindgruppe","status":"publish","type":"page","link":"https:\/\/waldorfkindergarten-kleinmachnow.de\/?page_id=244","title":{"rendered":"Kleinkindgruppe"},"content":{"rendered":"\n<figure class=\"wp-block-image alignfull\"><img loading=\"lazy\" decoding=\"async\" width=\"1024\" height=\"307\" src=\"http:\/\/wp2019.waldorfkindergarten-kleinmachnow.de\/wp-content\/uploads\/2019\/03\/h11_vi5a4539_1-u44271-fr-1024x307.jpg\" alt=\"\" class=\"wp-image-245\" srcset=\"https:\/\/waldorfkindergarten-kleinmachnow.de\/wp-content\/uploads\/2019\/03\/h11_vi5a4539_1-u44271-fr-1024x307.jpg 1024w, https:\/\/waldorfkindergarten-kleinmachnow.de\/wp-content\/uploads\/2019\/03\/h11_vi5a4539_1-u44271-fr-300x90.jpg 300w, https:\/\/waldorfkindergarten-kleinmachnow.de\/wp-content\/uploads\/2019\/03\/h11_vi5a4539_1-u44271-fr-768x230.jpg 768w, https:\/\/waldorfkindergarten-kleinmachnow.de\/wp-content\/uploads\/2019\/03\/h11_vi5a4539_1-u44271-fr-1200x360.jpg 1200w, https:\/\/waldorfkindergarten-kleinmachnow.de\/wp-content\/uploads\/2019\/03\/h11_vi5a4539_1-u44271-fr-600x180.jpg 600w, https:\/\/waldorfkindergarten-kleinmachnow.de\/wp-content\/uploads\/2019\/03\/h11_vi5a4539_1-u44271-fr.jpg 1440w\" sizes=\"auto, (max-width: 1024px) 100vw, 1024px\" \/><\/figure>\n\n\n\n<h1 class=\"wp-block-heading\">Die Kleinkindgruppe<\/h1>\n\n\n\n<p>In unserer Einrichtung betreuen zwei ausgebildete Erzieherinnen bis zu 12 Kinder im Alter von achtzehn Monaten bis drei Jahren in der Zeit von 8:00 \u2013 14:00 Uhr.<br>Unterst\u00fctzt werden sie dabei von einem jungen Menschen im Freien Sozialen Jahr (FSJ) und\/oder Praktikanten.<br>Unser Konzept basiert auf der Arbeit mit Bezugserziehern. Das verleiht den Kindern Vorhersehbarkeit und Sicherheit. Elemente aus der Pikler-P\u00e4dagogik flie\u00dfen in die waldorfp\u00e4dagogische Arbeit mit ein. Die Eingew\u00f6hnung, das gemeinsame Essen, Wickeln, zu Bett bringen und Tr\u00f6sten \u00fcbernimmt in den ersten Wochen bis Monaten der Bezugserzieher.<br>\u00dcber die Gestaltung und Erlebnisse in Garten und Gruppenraum, durch unsere Pflegeeinheiten oder auch durch gef\u00fchrte Situationen wie Morgenkreis oder kleine Rituale bei Tisch sprechen wir die Basissinne Ihrer Kinder an und erm\u00f6glichen wichtige und f\u00fcr eine gesunde Entwicklung notwendige Sinneserfahrungen.<br>Um sich geborgen f\u00fchlen zu k\u00f6nnen ben\u00f6tigen Kinder eine gute Bindung. Aus diesem Grund findet die Eingew\u00f6hnung gestaffelt statt und wird den Bed\u00fcrfnissen des individuellen Kindes angepasst.<\/p>\n\n\n\n<h4 class=\"wp-block-heading\">Unser Tagesablauf<\/h4>\n\n\n\n<p>8:00 Uhr &#8211;&nbsp; Freispiel im Garten<br>9:30 Uhr&nbsp;&nbsp;&nbsp; Obstpause<br>11:30 Uhr&nbsp; Mittagessen<br>12:00 Uhr &#8211; 13:30 Uhr Mittagspause<\/p>\n\n\n\n<p>Ab 14:00 Uhr besteht die M\u00f6glichkeit im Bedarfsfall die offene Nachmittagsgruppe des Kindergartens zu nutzen.<\/p>\n\n\n\n<p>Immer zum neuen Kindergartenjahr findet der Wechsel in unsere drei altersgemischten Gruppen statt. Je nach Geburtsdatum sind die Kinder dann knapp drei bis dreieinhalb Jahre alt.<\/p>\n","protected":false},"excerpt":{"rendered":"<p>Die Kleinkindgruppe In unserer Einrichtung betreuen zwei ausgebildete Erzieherinnen bis zu 12 Kinder im Alter von achtzehn Monaten bis drei Jahren in der Zeit von 8:00 \u2013 14:00 Uhr.Unterst\u00fctzt werden sie dabei von einem jungen Menschen im Freien Sozialen Jahr (FSJ) und\/oder Praktikanten.Unser Konzept basiert auf der Arbeit mit Bezugserziehern. Das verleiht den Kindern Vorhersehbarkeit [&hellip;]<\/p>\n","protected":false},"author":1,"featured_media":0,"parent":0,"menu_order":0,"comment_status":"closed","ping_status":"closed","template":"","meta":{"footnotes":""},"class_list":["post-244","page","type-page","status-publish","hentry","missing-thumbnail"],"_links":{"self":[{"href":"https:\/\/waldorfkindergarten-kleinmachnow.de\/index.php?rest_route=\/wp\/v2\/pages\/244","targetHints":{"allow":["GET"]}}],"collection":[{"href":"https:\/\/waldorfkindergarten-kleinmachnow.de\/index.php?rest_route=\/wp\/v2\/pages"}],"about":[{"href":"https:\/\/waldorfkindergarten-kleinmachnow.de\/index.php?rest_route=\/wp\/v2\/types\/page"}],"author":[{"embeddable":true,"href":"https:\/\/waldorfkindergarten-kleinmachnow.de\/index.php?rest_route=\/wp\/v2\/users\/1"}],"replies":[{"embeddable":true,"href":"https:\/\/waldorfkindergarten-kleinmachnow.de\/index.php?rest_route=%2Fwp%2Fv2%2Fcomments&post=244"}],"version-history":[{"count":2,"href":"https:\/\/waldorfkindergarten-kleinmachnow.de\/index.php?rest_route=\/wp\/v2\/pages\/244\/revisions"}],"predecessor-version":[{"id":252,"href":"https:\/\/waldorfkindergarten-kleinmachnow.de\/index.php?rest_route=\/wp\/v2\/pages\/244\/revisions\/252"}],"wp:attachment":[{"href":"https:\/\/waldorfkindergarten-kleinmachnow.de\/index.php?rest_route=%2Fwp%2Fv2%2Fmedia&parent=244"}],"curies":[{"name":"wp","href":"https:\/\/api.w.org\/{rel}","templated":true}]}}