{"id":161,"date":"2019-03-02T16:59:38","date_gmt":"2019-03-02T16:59:38","guid":{"rendered":"http:\/\/wp2019.waldorfkindergarten-kleinmachnow.de\/?page_id=161"},"modified":"2019-03-02T17:09:03","modified_gmt":"2019-03-02T17:09:03","slug":"tagesablauf","status":"publish","type":"page","link":"https:\/\/waldorfkindergarten-kleinmachnow.de\/?page_id=161","title":{"rendered":"Tagesablauf"},"content":{"rendered":"\n<figure class=\"wp-block-image alignfull\"><img loading=\"lazy\" decoding=\"async\" width=\"1024\" height=\"307\" src=\"http:\/\/wp2019.waldorfkindergarten-kleinmachnow.de\/wp-content\/uploads\/2019\/03\/h10_vi5a4514_1-u43681-fr-1024x307.jpg\" alt=\"\" class=\"wp-image-175\" srcset=\"https:\/\/waldorfkindergarten-kleinmachnow.de\/wp-content\/uploads\/2019\/03\/h10_vi5a4514_1-u43681-fr-1024x307.jpg 1024w, https:\/\/waldorfkindergarten-kleinmachnow.de\/wp-content\/uploads\/2019\/03\/h10_vi5a4514_1-u43681-fr-300x90.jpg 300w, https:\/\/waldorfkindergarten-kleinmachnow.de\/wp-content\/uploads\/2019\/03\/h10_vi5a4514_1-u43681-fr-768x230.jpg 768w, https:\/\/waldorfkindergarten-kleinmachnow.de\/wp-content\/uploads\/2019\/03\/h10_vi5a4514_1-u43681-fr-1200x360.jpg 1200w, https:\/\/waldorfkindergarten-kleinmachnow.de\/wp-content\/uploads\/2019\/03\/h10_vi5a4514_1-u43681-fr-600x180.jpg 600w, https:\/\/waldorfkindergarten-kleinmachnow.de\/wp-content\/uploads\/2019\/03\/h10_vi5a4514_1-u43681-fr.jpg 1440w\" sizes=\"auto, (max-width: 1024px) 100vw, 1024px\" \/><\/figure>\n\n\n\n<h1 class=\"wp-block-heading\">Tagesablauf<\/h1>\n\n\n\n<p>Wir schaffen Lebensr\u00e4ume f\u00fcr unsere Kinder, in denen wir ihnen \u00fcberschaubare Lebens- und Sinnzusammenh\u00e4nge im Alltag anbieten, so dass ihr Spiel an Tiefe gewinnen kann und in denen sie sich als geliebter, lebendiger und gestaltender Teil der Welt empfinden k\u00f6nnen.<\/p>\n\n\n\n<p>So \u00e4hnelt der Tagesablauf im Waldorfkindergarten dem Alltag im Leben einer gro\u00dfen Familie. Dabei ist es von gro\u00dfer Bedeutung, den Tag rhythmisch zu gestalten. Unser Morgen beginnt mit dem Freispiel im Gruppenraum. Wenn die Kinder morgens in den Kindergarten kommen, werden sie liebevoll empfangen und begr\u00fc\u00dft.<\/p>\n\n\n\n<p>Das Kind darf seinem eigenen Spielimpuls folgen und mit einfachem und Fantasie-offenem Spielzeug \u2013 wie Spielst\u00e4nder, T\u00fccher, Naturmaterialien, selbstgemachten Puppen, H\u00f6lzern in allen Formen \u2013 sich in sein Spiel vertiefen.<\/p>\n\n\n\n<p>Nach dem Freispiel und Toilettengang finden sich alle Kinder zum Reigen zusammen. Es werden gemeinsam Fingerspiele, Lieder, Verse, Gesten und Reime gesungen, gesprochen und dargestellt. So k\u00f6nnen die Kinder ihre Sprache, ihre Bewegung, das Ged\u00e4chtnis sowie das Singen im Tun nachahmend \u00fcben.<\/p>\n\n\n\n<p>Nach dem Reigen beginnt die Freispielzeit &#8211; bei fast jedem Wetter &#8211; im Garten.<\/p>\n\n\n\n<p>Nach dem Abschlusskreis (erstm\u00f6gliche Abholzeit) finden wir uns um 12.00 Uhr zum gemeinsamen Mittagessen ein. Anschlie\u00dfend werden die Mittagskinder abgeholt und die Tageskinder machen sich fertig zur Mittagsruhe. Nach einer Geschichte und einem Schlaflied k\u00f6nnen die Kinder sich entspannen oder schlafen und neue Kr\u00e4fte f\u00fcr den Rest des Tages sammeln. Nach der Ruhezeit werden alle Kinder von zwei P\u00e4dagogen im Garten betreut. Um 15:00 Uhr k\u00f6nnen die Kinder eine kleine Vesper einnehmen, bis wir uns um 16:00 Uhr von einander&nbsp; verabschieden.<\/p>\n","protected":false},"excerpt":{"rendered":"<p>Tagesablauf Wir schaffen Lebensr\u00e4ume f\u00fcr unsere Kinder, in denen wir ihnen \u00fcberschaubare Lebens- und Sinnzusammenh\u00e4nge im Alltag anbieten, so dass ihr Spiel an Tiefe gewinnen kann und in denen sie sich als geliebter, lebendiger und gestaltender Teil der Welt empfinden k\u00f6nnen. So \u00e4hnelt der Tagesablauf im Waldorfkindergarten dem Alltag im Leben einer gro\u00dfen Familie. Dabei [&hellip;]<\/p>\n","protected":false},"author":1,"featured_media":0,"parent":0,"menu_order":0,"comment_status":"closed","ping_status":"closed","template":"","meta":{"footnotes":""},"class_list":["post-161","page","type-page","status-publish","hentry","missing-thumbnail"],"_links":{"self":[{"href":"https:\/\/waldorfkindergarten-kleinmachnow.de\/index.php?rest_route=\/wp\/v2\/pages\/161","targetHints":{"allow":["GET"]}}],"collection":[{"href":"https:\/\/waldorfkindergarten-kleinmachnow.de\/index.php?rest_route=\/wp\/v2\/pages"}],"about":[{"href":"https:\/\/waldorfkindergarten-kleinmachnow.de\/index.php?rest_route=\/wp\/v2\/types\/page"}],"author":[{"embeddable":true,"href":"https:\/\/waldorfkindergarten-kleinmachnow.de\/index.php?rest_route=\/wp\/v2\/users\/1"}],"replies":[{"embeddable":true,"href":"https:\/\/waldorfkindergarten-kleinmachnow.de\/index.php?rest_route=%2Fwp%2Fv2%2Fcomments&post=161"}],"version-history":[{"count":2,"href":"https:\/\/waldorfkindergarten-kleinmachnow.de\/index.php?rest_route=\/wp\/v2\/pages\/161\/revisions"}],"predecessor-version":[{"id":176,"href":"https:\/\/waldorfkindergarten-kleinmachnow.de\/index.php?rest_route=\/wp\/v2\/pages\/161\/revisions\/176"}],"wp:attachment":[{"href":"https:\/\/waldorfkindergarten-kleinmachnow.de\/index.php?rest_route=%2Fwp%2Fv2%2Fmedia&parent=161"}],"curies":[{"name":"wp","href":"https:\/\/api.w.org\/{rel}","templated":true}]}}