{"id":142,"date":"2019-01-31T11:48:41","date_gmt":"2019-01-31T11:48:41","guid":{"rendered":"http:\/\/wp2019.waldorfkindergarten-kleinmachnow.de\/?page_id=142"},"modified":"2019-01-31T11:51:05","modified_gmt":"2019-01-31T11:51:05","slug":"kueche","status":"publish","type":"page","link":"https:\/\/waldorfkindergarten-kleinmachnow.de\/?page_id=142","title":{"rendered":"K\u00fcche"},"content":{"rendered":"\n<figure class=\"wp-block-image alignfull\"><img loading=\"lazy\" decoding=\"async\" width=\"1024\" height=\"307\" src=\"http:\/\/wp2019.waldorfkindergarten-kleinmachnow.de\/wp-content\/uploads\/2019\/01\/h06_vi5a4533_1-u43753-fr-1024x307.jpg\" alt=\"\" class=\"wp-image-150\" srcset=\"https:\/\/waldorfkindergarten-kleinmachnow.de\/wp-content\/uploads\/2019\/01\/h06_vi5a4533_1-u43753-fr-1024x307.jpg 1024w, https:\/\/waldorfkindergarten-kleinmachnow.de\/wp-content\/uploads\/2019\/01\/h06_vi5a4533_1-u43753-fr-300x90.jpg 300w, https:\/\/waldorfkindergarten-kleinmachnow.de\/wp-content\/uploads\/2019\/01\/h06_vi5a4533_1-u43753-fr-768x230.jpg 768w, https:\/\/waldorfkindergarten-kleinmachnow.de\/wp-content\/uploads\/2019\/01\/h06_vi5a4533_1-u43753-fr-1200x360.jpg 1200w, https:\/\/waldorfkindergarten-kleinmachnow.de\/wp-content\/uploads\/2019\/01\/h06_vi5a4533_1-u43753-fr-600x180.jpg 600w, https:\/\/waldorfkindergarten-kleinmachnow.de\/wp-content\/uploads\/2019\/01\/h06_vi5a4533_1-u43753-fr.jpg 1440w\" sizes=\"auto, (max-width: 1024px) 100vw, 1024px\" \/><\/figure>\n\n\n\n<h2 class=\"wp-block-heading\">K\u00fcche<\/h2>\n\n\n\n<p>Am Standort Kleinmachnow befindet sich unsere K\u00fcche. Dort bereitet unsere K\u00f6chin t\u00e4glich ein vollwertiges, frisches Mittagessen f\u00fcr den gesamten Kindergarten zu. Auch der Standort Stahnsdorf wird von hier aus versorgt.<\/p>\n\n\n\n<p>Gr\u00f6\u00dftenteils saisonal und aus biologischem Anbau kommend, werden die Lebensmittel zu vegetarischen Speisen verarbeitet. Gelegentlich gibt es Fisch als kleine Erg\u00e4nzung. Allergien und Unvertr\u00e4glichkeiten werden bei Vorlage eines \u00e4rztlichen Attests ber\u00fccksichtigt.<\/p>\n\n\n\n<p>Bratlinge mit So\u00dfe und Salat, Grillkartoffeln mit Kr\u00e4uterquark, Gem\u00fcse-Reis-Pfanne, Hirse-Quark-Auflauf, Nudeln mit Tomatenso\u00dfe und Obstsalat zum Nachtisch \u2013 das sind einige Antworten unserer K\u00f6chin, wenn die Kinder fragen, was es denn zum Mittagessen gibt. W\u00e4hrend des Vormittags nehmen die Kinder jede Gelegenheit wahr, der Nase folgend, bei der K\u00f6chin vorbeizuschauen, um schon mal einen Blick auf das zu erhaschen, was zu Mittag auf den Tisch kommt.<\/p>\n\n\n\n<p>Die Mahlzeiten werden gemeinsam von Kindern und Erzieherinnen in den Gruppen eingenommen. Die Kinder lernen verschiedene Geschmacksrichtungen kennen und lassen sich in der Gemeinschaft am Tisch auch immer wieder auf ein Kosten neuer Speisen ein. So erweitern sich die Wahrnehmung und die Erfahrung auch auf diesem Gebiet.<\/p>\n\n\n\n<p>Ein Tischspruch er\u00f6ffnet unsere Mahlzeit und l\u00e4sst uns dankbar innehalten; z.B.:<\/p>\n\n\n\n<h4 class=\"erde wp-block-heading\">Erde, die uns dies gebracht,<br>Sonne, die es reif gemacht,<br>Liebe Sonne, liebe Erde,<br>Euer nie vergessen werde.<\/h4>\n\n\n\n<p style=\"font-size:14px\"><em>Christian Morgenstern<\/em><\/p>\n","protected":false},"excerpt":{"rendered":"<p>K\u00fcche Am Standort Kleinmachnow befindet sich unsere K\u00fcche. Dort bereitet unsere K\u00f6chin t\u00e4glich ein vollwertiges, frisches Mittagessen f\u00fcr den gesamten Kindergarten zu. Auch der Standort Stahnsdorf wird von hier aus versorgt. Gr\u00f6\u00dftenteils saisonal und aus biologischem Anbau kommend, werden die Lebensmittel zu vegetarischen Speisen verarbeitet. Gelegentlich gibt es Fisch als kleine Erg\u00e4nzung. Allergien und Unvertr\u00e4glichkeiten [&hellip;]<\/p>\n","protected":false},"author":1,"featured_media":0,"parent":0,"menu_order":0,"comment_status":"closed","ping_status":"closed","template":"","meta":{"footnotes":""},"class_list":["post-142","page","type-page","status-publish","hentry","missing-thumbnail"],"_links":{"self":[{"href":"https:\/\/waldorfkindergarten-kleinmachnow.de\/index.php?rest_route=\/wp\/v2\/pages\/142","targetHints":{"allow":["GET"]}}],"collection":[{"href":"https:\/\/waldorfkindergarten-kleinmachnow.de\/index.php?rest_route=\/wp\/v2\/pages"}],"about":[{"href":"https:\/\/waldorfkindergarten-kleinmachnow.de\/index.php?rest_route=\/wp\/v2\/types\/page"}],"author":[{"embeddable":true,"href":"https:\/\/waldorfkindergarten-kleinmachnow.de\/index.php?rest_route=\/wp\/v2\/users\/1"}],"replies":[{"embeddable":true,"href":"https:\/\/waldorfkindergarten-kleinmachnow.de\/index.php?rest_route=%2Fwp%2Fv2%2Fcomments&post=142"}],"version-history":[{"count":2,"href":"https:\/\/waldorfkindergarten-kleinmachnow.de\/index.php?rest_route=\/wp\/v2\/pages\/142\/revisions"}],"predecessor-version":[{"id":151,"href":"https:\/\/waldorfkindergarten-kleinmachnow.de\/index.php?rest_route=\/wp\/v2\/pages\/142\/revisions\/151"}],"wp:attachment":[{"href":"https:\/\/waldorfkindergarten-kleinmachnow.de\/index.php?rest_route=%2Fwp%2Fv2%2Fmedia&parent=142"}],"curies":[{"name":"wp","href":"https:\/\/api.w.org\/{rel}","templated":true}]}}